{"id":725,"date":"2020-06-25T23:43:50","date_gmt":"2020-06-25T23:43:50","guid":{"rendered":"https:\/\/shop.vilperpublicidad.com\/?post_type=product&#038;p=725"},"modified":"2020-06-26T21:58:47","modified_gmt":"2020-06-26T21:58:47","slug":"caja-mochila-delivery-amarillo","status":"publish","type":"product","link":"https:\/\/shop.vilperpublicidad.com\/?product=caja-mochila-delivery-amarillo","title":{"rendered":"Caja Mochila Delivery Amarillo"},"content":{"rendered":"<p><span style=\"font-weight: 400;\"><strong>Medidas:<\/strong> 47cm de alto X 43 ancho X 43 base<\/span><\/p>\n<p><strong>Material:<\/strong> Lino pesado<\/p>\n<p>T\u00e9rmicas, bolsillos de mica transparentes para poner publicidad, son reforzadas , armaz\u00f3n antideformable , tiene asas de hombro , asa de mano y sujetador de cintura y de moto son resistentes al agua , t\u00e9rmicas y reforzadas.<\/p>\n<p>Bolsillo para alcohol y celular.<\/p>\n","protected":false},"excerpt":{"rendered":"<p><span style=\"font-weight: 400;\"><strong>Medidas:<\/strong> 47cm de alto X 43 ancho X 43 base<\/span><\/p>\n<p><strong>Material:<\/strong> Lino pesado<\/p>\n<p>T\u00e9rmicas, bolsillos de mica transparentes para poner publicidad, son reforzadas , armaz\u00f3n antideformable , tiene asas de hombro , asa de mano y sujetador de cintura y de moto son resistentes al agua , t\u00e9rmicas y reforzadas.<\/p>\n<p>Bolsillo para alcohol y celular.<\/p>\n","protected":false},"featured_media":693,"comment_status":"open","ping_status":"closed","template":"","meta":[],"_links":{"self":[{"href":"https:\/\/shop.vilperpublicidad.com\/index.php?rest_route=\/wp\/v2\/product\/725"}],"collection":[{"href":"https:\/\/shop.vilperpublicidad.com\/index.php?rest_route=\/wp\/v2\/product"}],"about":[{"href":"https:\/\/shop.vilperpublicidad.com\/index.php?rest_route=\/wp\/v2\/types\/product"}],"replies":[{"embeddable":true,"href":"https:\/\/shop.vilperpublicidad.com\/index.php?rest_route=%2Fwp%2Fv2%2Fcomments&post=725"}],"wp:featuredmedia":[{"embeddable":true,"href":"https:\/\/shop.vilperpublicidad.com\/index.php?rest_route=\/wp\/v2\/media\/693"}],"wp:attachment":[{"href":"https:\/\/shop.vilperpublicidad.com\/index.php?rest_route=%2Fwp%2Fv2%2Fmedia&parent=725"}],"curies":[{"name":"wp","href":"https:\/\/api.w.org\/{rel}","templated":true}]}}