{"id":688,"date":"2020-06-17T21:48:38","date_gmt":"2020-06-17T21:48:38","guid":{"rendered":"https:\/\/shop.vilperpublicidad.com\/?page_id=688"},"modified":"2020-06-26T22:43:15","modified_gmt":"2020-06-26T22:43:15","slug":"presentacion","status":"publish","type":"page","link":"https:\/\/shop.vilperpublicidad.com\/?page_id=688","title":{"rendered":"Presentaci\u00f3n"},"content":{"rendered":"\t\t<div data-elementor-type=\"wp-page\" data-elementor-id=\"688\" class=\"elementor elementor-688\" data-elementor-settings=\"[]\">\n\t\t\t<div class=\"elementor-inner\">\n\t\t\t\t<div class=\"elementor-section-wrap\">\n\t\t\t\t\t\t\t<section class=\"elementor-element elementor-element-6d75908 elementor-section-boxed elementor-section-height-default elementor-section-height-default elementor-section elementor-top-section\" data-id=\"6d75908\" data-element_type=\"section\">\n\t\t\t\t\t\t<div class=\"elementor-container elementor-column-gap-default\">\n\t\t\t\t<div class=\"elementor-row\">\n\t\t\t\t<div class=\"elementor-element elementor-element-606c0e2 elementor-column elementor-col-100 elementor-top-column\" data-id=\"606c0e2\" data-element_type=\"column\">\n\t\t\t<div class=\"elementor-column-wrap  elementor-element-populated\">\n\t\t\t\t\t<div class=\"elementor-widget-wrap\">\n\t\t\t\t<div class=\"elementor-element elementor-element-c20d5f9 elementor-widget elementor-widget-text-editor\" data-id=\"c20d5f9\" data-element_type=\"widget\" data-widget_type=\"text-editor.default\">\n\t\t\t\t<div class=\"elementor-widget-container\">\n\t\t\t\t\t<div class=\"elementor-text-editor elementor-clearfix\"><p><span style=\"font-weight: 400;\">Somos una empresa de publicidad integral. Brindamos el servicio de creaci\u00f3n, dise\u00f1o y mantenimiento de identidad corporativa, impresi\u00f3n digital en general y fabricaci\u00f3n de aplicaciones publicitarias de todo tipo: letreros y paneles luminosos, alto relieve en acr\u00edlico con iluminaci\u00f3n LED, madera o metal, toldos publicitarios, se\u00f1alizaci\u00f3n, stickers, rotulaci\u00f3n vehicular, banderolas publicitarias e informativas, corp\u00f3reos, etc. Adem\u00e1s, ofrecemos trabajo de serigraf\u00eda, maquetaci\u00f3n y fabricaci\u00f3n de muebles en melamine y ambientes en drywall, cielorrazo y porcelanato.\u00a0<\/span><\/p><\/div>\n\t\t\t\t<\/div>\n\t\t\t\t<\/div>\n\t\t\t\t\t\t<\/div>\n\t\t\t<\/div>\n\t\t<\/div>\n\t\t\t\t\t\t<\/div>\n\t\t\t<\/div>\n\t\t<\/section>\n\t\t\t\t<section class=\"elementor-element elementor-element-b013d1d elementor-section-boxed elementor-section-height-default elementor-section-height-default elementor-section elementor-top-section\" data-id=\"b013d1d\" data-element_type=\"section\">\n\t\t\t\t\t\t<div class=\"elementor-container elementor-column-gap-default\">\n\t\t\t\t<div class=\"elementor-row\">\n\t\t\t\t<div class=\"elementor-element elementor-element-9e537ad elementor-column elementor-col-100 elementor-top-column\" data-id=\"9e537ad\" data-element_type=\"column\">\n\t\t\t<div class=\"elementor-column-wrap  elementor-element-populated\">\n\t\t\t\t\t<div class=\"elementor-widget-wrap\">\n\t\t\t\t<div class=\"elementor-element elementor-element-b13710d elementor-arrows-position-inside elementor-widget elementor-widget-image-carousel\" data-id=\"b13710d\" data-element_type=\"widget\" data-settings=\"{&quot;slides_to_show&quot;:&quot;1&quot;,&quot;navigation&quot;:&quot;arrows&quot;,&quot;autoplay&quot;:&quot;yes&quot;,&quot;pause_on_hover&quot;:&quot;yes&quot;,&quot;pause_on_interaction&quot;:&quot;yes&quot;,&quot;autoplay_speed&quot;:5000,&quot;infinite&quot;:&quot;yes&quot;,&quot;effect&quot;:&quot;slide&quot;,&quot;speed&quot;:500,&quot;direction&quot;:&quot;ltr&quot;}\" data-widget_type=\"image-carousel.default\">\n\t\t\t\t<div class=\"elementor-widget-container\">\n\t\t\t\t\t<div class=\"elementor-image-carousel-wrapper swiper-container\" dir=\"ltr\">\n\t\t\t<div class=\"elementor-image-carousel swiper-wrapper\">\n\t\t\t\t<div class=\"swiper-slide\"><figure class=\"swiper-slide-inner\"><img decoding=\"async\" class=\"swiper-slide-image\" src=\"https:\/\/shop.vilperpublicidad.com\/wp-content\/uploads\/2020\/06\/vinil-102b-630x355.jpg\" alt=\"vinil-102b\" \/><\/figure><\/div><div class=\"swiper-slide\"><figure class=\"swiper-slide-inner\"><img decoding=\"async\" class=\"swiper-slide-image\" src=\"https:\/\/shop.vilperpublicidad.com\/wp-content\/uploads\/2020\/06\/categoria-protector-facial-630x355.jpg\" alt=\"categoria-protector-facial\" \/><\/figure><\/div><div class=\"swiper-slide\"><figure class=\"swiper-slide-inner\"><img decoding=\"async\" class=\"swiper-slide-image\" src=\"https:\/\/shop.vilperpublicidad.com\/wp-content\/uploads\/2020\/06\/categoria-mochila-delivery-630x355.jpg\" alt=\"categoria-mochila-delivery\" \/><\/figure><\/div><div class=\"swiper-slide\"><figure class=\"swiper-slide-inner\"><img decoding=\"async\" class=\"swiper-slide-image\" src=\"https:\/\/shop.vilperpublicidad.com\/wp-content\/uploads\/2020\/06\/categoria-mascarillas-adultos-630x355.jpg\" alt=\"categoria-mascarillas-adultos\" \/><\/figure><\/div>\t\t\t<\/div>\n\t\t\t\t\t\t\t\t\t\t\t\t\t\t\t\t<div class=\"elementor-swiper-button elementor-swiper-button-prev\">\n\t\t\t\t\t\t<i class=\"eicon-chevron-left\" aria-hidden=\"true\"><\/i>\n\t\t\t\t\t\t<span class=\"elementor-screen-only\">Anterior<\/span>\n\t\t\t\t\t<\/div>\n\t\t\t\t\t<div class=\"elementor-swiper-button elementor-swiper-button-next\">\n\t\t\t\t\t\t<i class=\"eicon-chevron-right\" aria-hidden=\"true\"><\/i>\n\t\t\t\t\t\t<span class=\"elementor-screen-only\">Siguiente<\/span>\n\t\t\t\t\t<\/div>\n\t\t\t\t\t\t\t\t\t<\/div>\n\t\t\t\t<\/div>\n\t\t\t\t<\/div>\n\t\t\t\t\t\t<\/div>\n\t\t\t<\/div>\n\t\t<\/div>\n\t\t\t\t\t\t<\/div>\n\t\t\t<\/div>\n\t\t<\/section>\n\t\t\t\t\t\t<\/div>\n\t\t\t<\/div>\n\t\t<\/div>\n\t\t","protected":false},"excerpt":{"rendered":"<p>Somos una empresa de publicidad integral. Brindamos el servicio de creaci\u00f3n, dise\u00f1o y mantenimiento de identidad corporativa, impresi\u00f3n digital en general y fabricaci\u00f3n de aplicaciones publicitarias de todo tipo: letreros y paneles luminosos, alto relieve [&hellip;]<\/p>\n","protected":false},"author":1,"featured_media":0,"parent":0,"menu_order":0,"comment_status":"closed","ping_status":"closed","template":"","meta":{"footnotes":""},"_links":{"self":[{"href":"https:\/\/shop.vilperpublicidad.com\/index.php?rest_route=\/wp\/v2\/pages\/688"}],"collection":[{"href":"https:\/\/shop.vilperpublicidad.com\/index.php?rest_route=\/wp\/v2\/pages"}],"about":[{"href":"https:\/\/shop.vilperpublicidad.com\/index.php?rest_route=\/wp\/v2\/types\/page"}],"author":[{"embeddable":true,"href":"https:\/\/shop.vilperpublicidad.com\/index.php?rest_route=\/wp\/v2\/users\/1"}],"replies":[{"embeddable":true,"href":"https:\/\/shop.vilperpublicidad.com\/index.php?rest_route=%2Fwp%2Fv2%2Fcomments&post=688"}],"version-history":[{"count":0,"href":"https:\/\/shop.vilperpublicidad.com\/index.php?rest_route=\/wp\/v2\/pages\/688\/revisions"}],"wp:attachment":[{"href":"https:\/\/shop.vilperpublicidad.com\/index.php?rest_route=%2Fwp%2Fv2%2Fmedia&parent=688"}],"curies":[{"name":"wp","href":"https:\/\/api.w.org\/{rel}","templated":true}]}}